{"id":3652,"date":"2018-10-19T08:30:44","date_gmt":"2018-10-19T08:30:44","guid":{"rendered":"http:\/\/www.paffoni.be\/?page_id=3652"},"modified":"2023-06-02T10:21:49","modified_gmt":"2023-06-02T10:21:49","slug":"contact","status":"publish","type":"page","link":"https:\/\/www.paffoni.be\/fr\/contact\/","title":{"rendered":"Contact"},"content":{"rendered":"<div class=\"fusion-fullwidth fullwidth-box fusion-builder-row-1 fusion-flex-container fusion-parallax-none container__30 nonhundred-percent-fullwidth non-hundred-percent-height-scrolling\" style=\"--awb-border-radius-top-left:0px;--awb-border-radius-top-right:0px;--awb-border-radius-bottom-right:0px;--awb-border-radius-bottom-left:0px;--awb-padding-top:50px;--awb-padding-right:50px;--awb-padding-bottom:50px;--awb-padding-left:50px;--awb-background-image:url(&quot;http:\/\/www.paffoni.be\/wp-content\/uploads\/2018\/07\/contact_bg.jpg&quot;);--awb-background-size:cover;--awb-flex-wrap:wrap;\" id=\"contact\" ><div class=\"fusion-builder-row fusion-row fusion-flex-align-items-stretch fusion-flex-content-wrap\" style=\"max-width:1362.4px;margin-left: calc(-4% \/ 2 );margin-right: calc(-4% \/ 2 );\"><div class=\"fusion-layout-column fusion_builder_column fusion-builder-column-0 fusion_builder_column_1_3 1_3 fusion-flex-column\" style=\"--awb-bg-size:cover;--awb-width-large:33.333333333333%;--awb-margin-top-large:135px;--awb-spacing-right-large:5.76%;--awb-margin-bottom-large:0px;--awb-spacing-left-large:5.76%;--awb-width-medium:33.333333333333%;--awb-order-medium:0;--awb-spacing-right-medium:5.76%;--awb-spacing-left-medium:5.76%;--awb-width-small:100%;--awb-order-small:0;--awb-spacing-right-small:1.92%;--awb-spacing-left-small:1.92%;\"><div class=\"fusion-column-wrapper fusion-column-has-shadow fusion-flex-justify-content-flex-start fusion-content-layout-column\"><div class=\"fusion-title title fusion-title-1 fusion-sep-none fusion-title-text fusion-title-size-three contact__title\" style=\"--awb-text-color:#ffffff;\"><h3 class=\"fusion-title-heading title-heading-left fusion-responsive-typography-calculated\" style=\"--fontSize:20;--minFontSize:20;line-height:1.5;\">Belgian Sanitary Company SA<\/h3><\/div><div class=\"fusion-text fusion-text-1\" style=\"--awb-text-color:#ffffff;\"><p style=\"margin-bottom: 0;\">Rue Des Bassins 20<\/p>\n<p style=\"margin-bottom: 0;\">1070 Bruxelles<\/p>\n<p>Belgique<\/p>\n<p style=\"margin-bottom: 0;\"><span style=\"color: #ffffff;\"><a style=\"color: #ffffff;\" href=\"mailto:bsc@bsc.be\">bsc@bsc.be<\/a><\/span><\/p>\n<p style=\"margin-bottom: 0;\"><span style=\"color: #ffffff;\">T: <a style=\"color: #ffffff;\" href=\"tel:+3225201676\">00 32 (0)2 520 16 76<\/a><\/span><\/p>\n<p style=\"margin-bottom: 0;\">F: 00 32 (0)2 520 19 78<\/p>\n<p>BTW: BE 408.339.019<\/p>\n<\/div><div class=\"fusion-title title fusion-title-2 fusion-sep-none fusion-title-text fusion-title-size-three contact__title\" style=\"--awb-text-color:#ffffff;\"><h3 class=\"fusion-title-heading title-heading-left fusion-responsive-typography-calculated\" style=\"--fontSize:20;--minFontSize:20;line-height:1.5;\">Heures d&rsquo;ouverture<\/h3><\/div><div class=\"fusion-text fusion-text-2\" style=\"--awb-text-color:#ffffff;\"><p>Du lundi au jeudi\u00a0:<br \/>\n09h00 \u2013 12h15 et 13h00 \u2013 16h00<\/p>\n<p>Vendredi\u00a0:<br \/>\n09h00 \u2013 12h15 et 13h00 \u2013 15h00<\/p>\n<\/div><\/div><\/div><div class=\"fusion-layout-column fusion_builder_column fusion-builder-column-1 fusion_builder_column_2_3 2_3 fusion-flex-column contact__column contact__form__column\" style=\"--awb-bg-size:cover;--awb-width-large:66.666666666667%;--awb-margin-top-large:0px;--awb-spacing-right-large:2.88%;--awb-margin-bottom-large:0px;--awb-spacing-left-large:2.88%;--awb-width-medium:66.666666666667%;--awb-spacing-right-medium:2.88%;--awb-spacing-left-medium:2.88%;--awb-width-small:100%;--awb-spacing-right-small:1.92%;--awb-spacing-left-small:1.92%;\"><div class=\"fusion-column-wrapper fusion-flex-justify-content-flex-start fusion-content-layout-column\"><div class=\"fusion-title title fusion-title-3 fusion-sep-none fusion-title-text fusion-title-size-three contact__title\"><h3 class=\"fusion-title-heading title-heading-left fusion-responsive-typography-calculated\" style=\"--fontSize:20;--minFontSize:20;line-height:1.5;\">Nous contacter<\/h3><\/div><div class=\"fusion-text fusion-text-3\"><p>Vous avez une question sur nos produits ou services ? Veuillez remplir le formulaire ci-dessous. Nous traiterons votre demande dans les plus brefs d\u00e9lais.<\/p>\n<\/div><div class=\"fusion-text fusion-text-4\"><div class=\"frm_forms  with_frm_style frm_style_formidable-style\" id=\"frm_form_7_container\" >\n<form enctype=\"multipart\/form-data\" method=\"post\" class=\"frm-show-form  frm_pro_form \" id=\"form_yqsko2\" >\n<div class=\"frm_form_fields \">\n<fieldset>\n<legend class=\"frm_hidden\">Contactpagina FR<\/legend>\r\n\r\n<div class=\"frm_fields_container\">\n<input type=\"hidden\" name=\"frm_action\" value=\"create\" \/>\n<input type=\"hidden\" name=\"form_id\" value=\"7\" \/>\n<input type=\"hidden\" name=\"frm_hide_fields_7\" id=\"frm_hide_fields_7\" value=\"\" \/>\n<input type=\"hidden\" name=\"form_key\" value=\"yqsko2\" \/>\n<input type=\"hidden\" name=\"item_meta[0]\" value=\"\" \/>\n<input type=\"hidden\" id=\"frm_submit_entry_7\" name=\"frm_submit_entry_7\" value=\"e45c5acd9e\" \/><input type=\"hidden\" name=\"_wp_http_referer\" value=\"\/fr\/wp-json\/wp\/v2\/pages\/3652\" \/><div id=\"frm_field_84_container\" class=\"frm_form_field frm_section_heading form-field \">\r\n<h3 class=\"frm_pos_top frm_section_spacing\">Vos donn\u00e9es<\/h3>\r\n\r\n\r\n<div id=\"frm_field_85_container\" class=\"frm_form_field form-field  frm_required_field frm_none_container frm_first frm_half\">\r\n    <label for=\"field_vlefq2\" class=\"frm_primary_label\">Nom\r\n        <span class=\"frm_required\">*<\/span>\r\n    <\/label>\r\n    <input  type=\"text\" id=\"field_vlefq2\" name=\"item_meta[85]\" value=\"\"  data-sectionid=\"84\"  placeholder=\"Nom*\" data-reqmsg=\"Ce champ ne peut pas \u00eatre vide.\" aria-required=\"true\" data-invmsg=\"Text is invalid\" aria-invalid=\"false\"   \/>\r\n    \r\n    \r\n<\/div>\n<div id=\"frm_field_86_container\" class=\"frm_form_field form-field  frm_required_field frm_none_container frm_half\">\r\n    <label for=\"field_eqm062\" class=\"frm_primary_label\">E-mail\r\n        <span class=\"frm_required\">*<\/span>\r\n    <\/label>\r\n    <input type=\"email\" id=\"field_eqm062\" name=\"item_meta[86]\" value=\"\"  data-sectionid=\"84\"  placeholder=\"E-mail*\" data-reqmsg=\"Ce champ ne peut pas \u00eatre vide.\" aria-required=\"true\" data-invmsg=\"Email est invalide.\" aria-invalid=\"false\"  \/>\r\n    \r\n    \r\n<\/div>\n<div id=\"frm_field_155_container\" class=\"frm_form_field form-field  frm_required_field frm_none_container\">\r\n    <label for=\"field_3hs3d\" id=\"field_3hs3d_label\" class=\"frm_primary_label\">Num\u00e9ro de t\u00e9l\u00e9phone\r\n        <span class=\"frm_required\" aria-hidden=\"true\">*<\/span>\r\n    <\/label>\r\n    <input type=\"tel\" id=\"field_3hs3d\" name=\"item_meta[155]\" value=\"\"  data-sectionid=\"84\"  placeholder=\"Num\u00e9ro de t\u00e9l\u00e9phone*\" data-reqmsg=\"Dit veld mag niet leeg zijn.\" aria-required=\"true\" data-invmsg=\"Phone is ongeldig\" aria-invalid=\"false\" pattern=\"((\\+\\d{1,3}(-|.| )?\\(?\\d\\)?(-| |.)?\\d{1,5})|(\\(?\\d{2,6}\\)?))(-|.| )?(\\d{3,4})(-|.| )?(\\d{4})(( x| ext)\\d{1,5}){0,1}$\"  \/>\r\n    \r\n    \r\n<\/div>\n<div id=\"frm_field_87_container\" class=\"frm_form_field form-field  frm_required_field frm_none_container frm_first frm_three_fourths\">\r\n    <label for=\"field_yeku82\" class=\"frm_primary_label\">Rue\r\n        <span class=\"frm_required\">*<\/span>\r\n    <\/label>\r\n    <input  type=\"text\" id=\"field_yeku82\" name=\"item_meta[87]\" value=\"\"  data-sectionid=\"84\"  placeholder=\"Rue*\" data-reqmsg=\"Ce champ ne peut pas \u00eatre vide.\" aria-required=\"true\" data-invmsg=\"Text is invalid\" aria-invalid=\"false\"   \/>\r\n    \r\n    \r\n<\/div>\n<div id=\"frm_field_88_container\" class=\"frm_form_field form-field  frm_required_field frm_none_container frm_fourth\">\r\n    <label for=\"field_7e6eo2\" class=\"frm_primary_label\">Num\u00e9ro\r\n        <span class=\"frm_required\">*<\/span>\r\n    <\/label>\r\n    <input type=\"number\" id=\"field_7e6eo2\" name=\"item_meta[88]\" value=\"\" data-sectionid=\"84\"  placeholder=\"Num\u00e9ro\" data-reqmsg=\"Ce champ ne peut pas \u00eatre vide.\" aria-required=\"true\" data-invmsg=\"Le num\u00e9ro est invalide.\" aria-invalid=\"false\"   min=\"0\" max=\"9999999\" step=\"any\" \/>\r\n    \r\n    \r\n<\/div>\n<div id=\"frm_field_89_container\" class=\"frm_form_field form-field  frm_required_field frm_none_container frm_first frm_fourth\">\r\n    <label for=\"field_w44182\" class=\"frm_primary_label\">Code postal\r\n        <span class=\"frm_required\">*<\/span>\r\n    <\/label>\r\n    <input  type=\"text\" id=\"field_w44182\" name=\"item_meta[89]\" value=\"\"  data-sectionid=\"84\"  placeholder=\"Code postal*\" data-reqmsg=\"Ce champ ne peut pas \u00eatre vide.\" aria-required=\"true\" data-invmsg=\"Text is invalid\" aria-invalid=\"false\"   \/>\r\n    \r\n    \r\n<\/div>\n<div id=\"frm_field_90_container\" class=\"frm_form_field form-field  frm_required_field frm_none_container frm_three_fourths\">\r\n    <label for=\"field_kq7j02\" class=\"frm_primary_label\">Ville\r\n        <span class=\"frm_required\">*<\/span>\r\n    <\/label>\r\n    <input  type=\"text\" id=\"field_kq7j02\" name=\"item_meta[90]\" value=\"\"  data-sectionid=\"84\"  placeholder=\"Ville*\" data-reqmsg=\"Ce champ ne peut pas \u00eatre vide.\" aria-required=\"true\" data-invmsg=\"Text is invalid\" aria-invalid=\"false\"   \/>\r\n    \r\n    \r\n<\/div>\n<\/div>\n<div id=\"frm_field_96_container\" class=\"frm_form_field frm_section_heading form-field \">\r\n<h3 class=\"frm_pos_top frm_section_spacing\">Votre message<\/h3>\r\n\r\n\r\n<div id=\"frm_field_97_container\" class=\"frm_form_field form-field  frm_required_field frm_none_container\">\r\n    <label for=\"field_8y2892\" class=\"frm_primary_label\">Sujet\r\n        <span class=\"frm_required\">*<\/span>\r\n    <\/label>\r\n    <input  type=\"text\" id=\"field_8y2892\" name=\"item_meta[97]\" value=\"\"  data-sectionid=\"96\"  placeholder=\"Sujet*\" data-reqmsg=\"Ce champ ne peut pas \u00eatre vide.\" aria-required=\"true\" data-invmsg=\"Text is invalid\" aria-invalid=\"false\"   \/>\r\n    \r\n    \r\n<\/div>\n<div id=\"frm_field_98_container\" class=\"frm_form_field form-field  frm_required_field frm_none_container\">\r\n    <label for=\"field_uwcjm2\" class=\"frm_primary_label\">Message\r\n        <span class=\"frm_required\">*<\/span>\r\n    <\/label>\r\n    <textarea name=\"item_meta[98]\" id=\"field_uwcjm2\" rows=\"10\"  data-sectionid=\"96\"  placeholder=\"Message*\" data-reqmsg=\"Ce champ ne peut pas \u00eatre vide.\" aria-required=\"true\" data-invmsg=\"Message est non valide\" aria-invalid=\"false\"  ><\/textarea>\r\n    \r\n    \r\n<\/div>\n<\/div>\n<div id=\"frm_field_109_container\" class=\"frm_form_field form-field  frm_none_container\">\r\n    <label for=\"g-recaptcha-response\" id=\"field_cyh9v_label\" class=\"frm_primary_label\">reCAPTCHA\r\n        <span class=\"frm_required\"><\/span>\r\n    <\/label>\r\n    <div  id=\"field_cyh9v\" class=\"frm-g-recaptcha\" data-sitekey=\"6LdHHJYsAAAAAMp0ZLZ2FhFcFj5A68RrIgqsF6TY\" data-size=\"invisible\" data-theme=\"light\"><\/div>\r\n    \r\n    \r\n<\/div>\n\t<input type=\"hidden\" name=\"item_key\" value=\"\" \/>\n\t\t\t<div id=\"frm_field_217_container\">\n\t\t\t<label for=\"field_x34h8\" >\n\t\t\t\tSi vous \u00eates un humain, ne remplissez pas ce champ.\t\t\t<\/label>\n\t\t\t<input  id=\"field_x34h8\" type=\"text\" class=\"frm_form_field form-field frm_verify\" name=\"item_meta[217]\" value=\"\"  \/>\n\t\t<\/div>\n\t\t<input name=\"frm_state\" type=\"hidden\" value=\"PVeBkAuYhlA9zio4XIS5y27mkmkTeUl1jTXPFFQ64Q7kzZvONY47UnS0QwvYemKT\" \/><div class=\"frm_submit\">\r\n\r\n<button class=\"frm_button_submit frm_final_submit\" type=\"submit\"   formnovalidate=\"formnovalidate\">Verzenden<\/button>\r\n\r\n<\/div><\/div>\n<\/fieldset>\n<\/div>\n\n<\/form>\n<\/div>\n\n<\/div><\/div><\/div><\/div><\/div>\n","protected":false},"excerpt":{"rendered":"","protected":false},"author":6,"featured_media":0,"parent":0,"menu_order":0,"comment_status":"closed","ping_status":"closed","template":"","meta":{"_acf_changed":false,"footnotes":""},"class_list":["post-3652","page","type-page","status-publish","hentry"],"acf":[],"yoast_head":"<!-- This site is optimized with the Yoast SEO plugin v27.6 - https:\/\/yoast.com\/product\/yoast-seo-wordpress\/ -->\n<title>Contact - Paffoni<\/title>\n<meta name=\"robots\" content=\"index, follow, max-snippet:-1, max-image-preview:large, max-video-preview:-1\" \/>\n<link rel=\"canonical\" href=\"https:\/\/www.paffoni.be\/fr\/contact\/\" \/>\n<meta property=\"og:locale\" content=\"fr_FR\" \/>\n<meta property=\"og:type\" content=\"article\" \/>\n<meta property=\"og:title\" content=\"Contact - Paffoni\" \/>\n<meta property=\"og:url\" content=\"https:\/\/www.paffoni.be\/fr\/contact\/\" \/>\n<meta property=\"og:site_name\" content=\"Paffoni\" \/>\n<meta property=\"article:modified_time\" content=\"2023-06-02T10:21:49+00:00\" \/>\n<meta name=\"twitter:card\" content=\"summary_large_image\" \/>\n<meta name=\"twitter:label1\" content=\"Dur\u00e9e de lecture estim\u00e9e\" \/>\n\t<meta name=\"twitter:data1\" content=\"3 minutes\" \/>\n<script type=\"application\/ld+json\" class=\"yoast-schema-graph\">{\"@context\":\"https:\\\/\\\/schema.org\",\"@graph\":[{\"@type\":\"WebPage\",\"@id\":\"https:\\\/\\\/www.paffoni.be\\\/fr\\\/contact\\\/\",\"url\":\"https:\\\/\\\/www.paffoni.be\\\/fr\\\/contact\\\/\",\"name\":\"Contact - Paffoni\",\"isPartOf\":{\"@id\":\"https:\\\/\\\/www.paffoni.be\\\/fr\\\/#website\"},\"datePublished\":\"2018-10-19T08:30:44+00:00\",\"dateModified\":\"2023-06-02T10:21:49+00:00\",\"breadcrumb\":{\"@id\":\"https:\\\/\\\/www.paffoni.be\\\/fr\\\/contact\\\/#breadcrumb\"},\"inLanguage\":\"fr-FR\",\"potentialAction\":[{\"@type\":\"ReadAction\",\"target\":[\"https:\\\/\\\/www.paffoni.be\\\/fr\\\/contact\\\/\"]}]},{\"@type\":\"BreadcrumbList\",\"@id\":\"https:\\\/\\\/www.paffoni.be\\\/fr\\\/contact\\\/#breadcrumb\",\"itemListElement\":[{\"@type\":\"ListItem\",\"position\":1,\"name\":\"Home\",\"item\":\"https:\\\/\\\/www.paffoni.be\\\/fr\\\/\"},{\"@type\":\"ListItem\",\"position\":2,\"name\":\"Contact\"}]},{\"@type\":\"WebSite\",\"@id\":\"https:\\\/\\\/www.paffoni.be\\\/fr\\\/#website\",\"url\":\"https:\\\/\\\/www.paffoni.be\\\/fr\\\/\",\"name\":\"Paffoni\",\"description\":\"Residentieel sanitair kraanwerk\",\"potentialAction\":[{\"@type\":\"SearchAction\",\"target\":{\"@type\":\"EntryPoint\",\"urlTemplate\":\"https:\\\/\\\/www.paffoni.be\\\/fr\\\/?s={search_term_string}\"},\"query-input\":{\"@type\":\"PropertyValueSpecification\",\"valueRequired\":true,\"valueName\":\"search_term_string\"}}],\"inLanguage\":\"fr-FR\"}]}<\/script>\n<!-- \/ Yoast SEO plugin. -->","yoast_head_json":{"title":"Contact - Paffoni","robots":{"index":"index","follow":"follow","max-snippet":"max-snippet:-1","max-image-preview":"max-image-preview:large","max-video-preview":"max-video-preview:-1"},"canonical":"https:\/\/www.paffoni.be\/fr\/contact\/","og_locale":"fr_FR","og_type":"article","og_title":"Contact - Paffoni","og_url":"https:\/\/www.paffoni.be\/fr\/contact\/","og_site_name":"Paffoni","article_modified_time":"2023-06-02T10:21:49+00:00","twitter_card":"summary_large_image","twitter_misc":{"Dur\u00e9e de lecture estim\u00e9e":"3 minutes"},"schema":{"@context":"https:\/\/schema.org","@graph":[{"@type":"WebPage","@id":"https:\/\/www.paffoni.be\/fr\/contact\/","url":"https:\/\/www.paffoni.be\/fr\/contact\/","name":"Contact - Paffoni","isPartOf":{"@id":"https:\/\/www.paffoni.be\/fr\/#website"},"datePublished":"2018-10-19T08:30:44+00:00","dateModified":"2023-06-02T10:21:49+00:00","breadcrumb":{"@id":"https:\/\/www.paffoni.be\/fr\/contact\/#breadcrumb"},"inLanguage":"fr-FR","potentialAction":[{"@type":"ReadAction","target":["https:\/\/www.paffoni.be\/fr\/contact\/"]}]},{"@type":"BreadcrumbList","@id":"https:\/\/www.paffoni.be\/fr\/contact\/#breadcrumb","itemListElement":[{"@type":"ListItem","position":1,"name":"Home","item":"https:\/\/www.paffoni.be\/fr\/"},{"@type":"ListItem","position":2,"name":"Contact"}]},{"@type":"WebSite","@id":"https:\/\/www.paffoni.be\/fr\/#website","url":"https:\/\/www.paffoni.be\/fr\/","name":"Paffoni","description":"Residentieel sanitair kraanwerk","potentialAction":[{"@type":"SearchAction","target":{"@type":"EntryPoint","urlTemplate":"https:\/\/www.paffoni.be\/fr\/?s={search_term_string}"},"query-input":{"@type":"PropertyValueSpecification","valueRequired":true,"valueName":"search_term_string"}}],"inLanguage":"fr-FR"}]}},"_links":{"self":[{"href":"https:\/\/www.paffoni.be\/fr\/wp-json\/wp\/v2\/pages\/3652","targetHints":{"allow":["GET"]}}],"collection":[{"href":"https:\/\/www.paffoni.be\/fr\/wp-json\/wp\/v2\/pages"}],"about":[{"href":"https:\/\/www.paffoni.be\/fr\/wp-json\/wp\/v2\/types\/page"}],"author":[{"embeddable":true,"href":"https:\/\/www.paffoni.be\/fr\/wp-json\/wp\/v2\/users\/6"}],"replies":[{"embeddable":true,"href":"https:\/\/www.paffoni.be\/fr\/wp-json\/wp\/v2\/comments?post=3652"}],"version-history":[{"count":14,"href":"https:\/\/www.paffoni.be\/fr\/wp-json\/wp\/v2\/pages\/3652\/revisions"}],"predecessor-version":[{"id":20245,"href":"https:\/\/www.paffoni.be\/fr\/wp-json\/wp\/v2\/pages\/3652\/revisions\/20245"}],"wp:attachment":[{"href":"https:\/\/www.paffoni.be\/fr\/wp-json\/wp\/v2\/media?parent=3652"}],"curies":[{"name":"wp","href":"https:\/\/api.w.org\/{rel}","templated":true}]}}