{"id":20635,"date":"2024-04-22T12:50:48","date_gmt":"2024-04-22T12:50:48","guid":{"rendered":"https:\/\/www.paffoni.be\/durabilite\/"},"modified":"2024-05-06T10:45:54","modified_gmt":"2024-05-06T08:45:54","slug":"durabilite","status":"publish","type":"page","link":"https:\/\/www.paffoni.be\/fr\/durabilite\/","title":{"rendered":"Durabilit\u00e9"},"content":{"rendered":"<div class=\"fusion-fullwidth fullwidth-box fusion-builder-row-1 fusion-flex-container has-pattern-background has-mask-background fusion-parallax-none nonhundred-percent-fullwidth non-hundred-percent-height-scrolling\" style=\"--awb-border-radius-top-left:0px;--awb-border-radius-top-right:0px;--awb-border-radius-bottom-right:0px;--awb-border-radius-bottom-left:0px;--awb-background-image:url(&quot;https:\/\/www.paffoni.be\/wp-content\/uploads\/2024\/04\/forest-scaled-1-300x177.jpeg&quot;);--awb-background-size:cover;--awb-flex-wrap:wrap;\" ><div class=\"fusion-builder-row fusion-row fusion-flex-align-items-stretch fusion-flex-content-wrap\" style=\"max-width:1362.4px;margin-left: calc(-4% \/ 2 );margin-right: calc(-4% \/ 2 );\"><div class=\"fusion-layout-column fusion_builder_column fusion-builder-column-0 fusion_builder_column_3_5 3_5 fusion-flex-column fusion-flex-align-self-center\" style=\"--awb-padding-right:4%;--awb-padding-left:4%;--awb-bg-color:rgba(255,255,255,0.8);--awb-bg-color-hover:rgba(255,255,255,0.8);--awb-bg-size:cover;--awb-width-large:60%;--awb-margin-top-large:0px;--awb-spacing-right-large:3.2%;--awb-margin-bottom-large:0px;--awb-spacing-left-large:3.2%;--awb-width-medium:100%;--awb-order-medium:0;--awb-spacing-right-medium:1.92%;--awb-spacing-left-medium:1.92%;--awb-width-small:100%;--awb-order-small:0;--awb-spacing-right-small:1.92%;--awb-spacing-left-small:1.92%;\" data-scroll-devices=\"small-visibility,medium-visibility,large-visibility\"><div class=\"fusion-column-wrapper fusion-column-has-shadow fusion-flex-justify-content-flex-start fusion-content-layout-column\"><div class=\"fusion-title title fusion-title-1 fusion-sep-none fusion-title-text fusion-title-size-one\"><h1 class=\"fusion-title-heading title-heading-left fusion-responsive-typography-calculated\" style=\"--fontSize:60;line-height:1.4;\">L&rsquo;ENVIRONNEMENT<\/h1><\/div><div class=\"fusion-text fusion-text-1\" style=\"--awb-text-color:#000000;\"><p>Paffoni, sensible aux questions environnementales, a entam\u00e9 un processus de normalisation de ses emballages dans une perspective \u00e9cologique.<\/p>\n<p>Durabilit\u00e9, r\u00e9duction des d\u00e9chets et des emballages : ces concepts sont assimil\u00e9s par Rubinetteria Paffoni S.p.A. pour atteindre une plus grande efficacit\u00e9 des processus de production afin de prot\u00e9ger l&rsquo;environnement. Au cours des derni\u00e8res ann\u00e9es, l&rsquo;entreprise s&rsquo;est engag\u00e9e dans cette voie, comme le pr\u00e9voit la directive de l&rsquo;UE 2018\/852 \u00e9mise par le Parlement europ\u00e9en. Cette directive stipule qu&rsquo;un pourcentage des emballages doit provenir de mat\u00e9riaux recycl\u00e9s dans les ann\u00e9es \u00e0 venir et que les emballages doivent \u00eatre recyclables. L&rsquo;\u00e9coconception signifie la conception d&#8217;emballages qui accorde une attention maximale \u00e0 l&rsquo;\u00e9conomie de mati\u00e8res premi\u00e8res. Cette approche de la production nous permet non seulement de limiter les d\u00e9chets, mais apporte \u00e9galement des avantages \u00e0 l&rsquo;environnement en r\u00e9duisant l&rsquo;impact sur la consommation de sources d&rsquo;\u00e9nergie et en limitant la pollution de l&rsquo;air et du sol.<\/p>\n<p>Rubinetteria Paffoni S.p.A. a d\u00e9cid\u00e9 d&rsquo;adopter la voie de l&rsquo;utilisation d&#8217;emballages \u00e9cologiques \u00e9galement dans le but de r\u00e9duire la consommation de mati\u00e8res premi\u00e8res. Les mat\u00e9riaux de nos emballages sont certifi\u00e9s par le fabricant, il s&rsquo;agit de papier et de carton 100% recycl\u00e9s et recyclables, avec des encres respectueuses de l&rsquo;environnement. Cela permet \u00e0 Rubinetteria Paffoni S.p.A. de r\u00e9duire l&rsquo;impact polluant sur tous les aspects environnementaux et de permettre \u00e0 l&rsquo;utilisateur final de disposer des emballages en garantissant un faible impact sur l&rsquo;environnement.<\/p>\n<p><img decoding=\"async\" class=\"alignleft\" src=\"https:\/\/paffoni.it\/wp-content\/uploads\/2024\/01\/logo1.png\" width=\"175\" height=\"175\" \/><br \/>\n<img decoding=\"async\" class=\"alignleft\" src=\"https:\/\/paffoni.it\/wp-content\/uploads\/2024\/01\/logo2.png\" width=\"291\" height=\"120\" \/><\/p>\n<\/div><\/div><\/div><\/div><\/div>\n","protected":false},"excerpt":{"rendered":"","protected":false},"author":6,"featured_media":0,"parent":0,"menu_order":0,"comment_status":"closed","ping_status":"closed","template":"100-width.php","meta":{"_acf_changed":false,"footnotes":""},"class_list":["post-20635","page","type-page","status-publish","hentry"],"acf":[],"yoast_head":"<!-- This site is optimized with the Yoast SEO plugin v27.6 - https:\/\/yoast.com\/product\/yoast-seo-wordpress\/ -->\n<title>Durabilit\u00e9 - Paffoni<\/title>\n<meta name=\"robots\" content=\"index, follow, max-snippet:-1, max-image-preview:large, max-video-preview:-1\" \/>\n<link rel=\"canonical\" href=\"https:\/\/www.paffoni.be\/fr\/durabilite\/\" \/>\n<meta property=\"og:locale\" content=\"fr_FR\" \/>\n<meta property=\"og:type\" content=\"article\" \/>\n<meta property=\"og:title\" content=\"Durabilit\u00e9 - Paffoni\" \/>\n<meta property=\"og:url\" content=\"https:\/\/www.paffoni.be\/fr\/durabilite\/\" \/>\n<meta property=\"og:site_name\" content=\"Paffoni\" \/>\n<meta property=\"article:modified_time\" content=\"2024-05-06T08:45:54+00:00\" \/>\n<meta property=\"og:image\" content=\"https:\/\/paffoni.it\/wp-content\/uploads\/2024\/01\/logo1.png\" \/>\n<meta name=\"twitter:card\" content=\"summary_large_image\" \/>\n<meta name=\"twitter:label1\" content=\"Dur\u00e9e de lecture estim\u00e9e\" \/>\n\t<meta name=\"twitter:data1\" content=\"5 minutes\" \/>\n<script type=\"application\/ld+json\" class=\"yoast-schema-graph\">{\"@context\":\"https:\\\/\\\/schema.org\",\"@graph\":[{\"@type\":\"WebPage\",\"@id\":\"https:\\\/\\\/www.paffoni.be\\\/fr\\\/durabilite\\\/\",\"url\":\"https:\\\/\\\/www.paffoni.be\\\/fr\\\/durabilite\\\/\",\"name\":\"Durabilit\u00e9 - Paffoni\",\"isPartOf\":{\"@id\":\"https:\\\/\\\/www.paffoni.be\\\/fr\\\/#website\"},\"primaryImageOfPage\":{\"@id\":\"https:\\\/\\\/www.paffoni.be\\\/fr\\\/durabilite\\\/#primaryimage\"},\"image\":{\"@id\":\"https:\\\/\\\/www.paffoni.be\\\/fr\\\/durabilite\\\/#primaryimage\"},\"thumbnailUrl\":\"https:\\\/\\\/paffoni.it\\\/wp-content\\\/uploads\\\/2024\\\/01\\\/logo1.png\",\"datePublished\":\"2024-04-22T12:50:48+00:00\",\"dateModified\":\"2024-05-06T08:45:54+00:00\",\"breadcrumb\":{\"@id\":\"https:\\\/\\\/www.paffoni.be\\\/fr\\\/durabilite\\\/#breadcrumb\"},\"inLanguage\":\"fr-FR\",\"potentialAction\":[{\"@type\":\"ReadAction\",\"target\":[\"https:\\\/\\\/www.paffoni.be\\\/fr\\\/durabilite\\\/\"]}]},{\"@type\":\"ImageObject\",\"inLanguage\":\"fr-FR\",\"@id\":\"https:\\\/\\\/www.paffoni.be\\\/fr\\\/durabilite\\\/#primaryimage\",\"url\":\"https:\\\/\\\/paffoni.it\\\/wp-content\\\/uploads\\\/2024\\\/01\\\/logo1.png\",\"contentUrl\":\"https:\\\/\\\/paffoni.it\\\/wp-content\\\/uploads\\\/2024\\\/01\\\/logo1.png\"},{\"@type\":\"BreadcrumbList\",\"@id\":\"https:\\\/\\\/www.paffoni.be\\\/fr\\\/durabilite\\\/#breadcrumb\",\"itemListElement\":[{\"@type\":\"ListItem\",\"position\":1,\"name\":\"Home\",\"item\":\"https:\\\/\\\/www.paffoni.be\\\/fr\\\/\"},{\"@type\":\"ListItem\",\"position\":2,\"name\":\"Durabilit\u00e9\"}]},{\"@type\":\"WebSite\",\"@id\":\"https:\\\/\\\/www.paffoni.be\\\/fr\\\/#website\",\"url\":\"https:\\\/\\\/www.paffoni.be\\\/fr\\\/\",\"name\":\"Paffoni\",\"description\":\"Residentieel sanitair kraanwerk\",\"potentialAction\":[{\"@type\":\"SearchAction\",\"target\":{\"@type\":\"EntryPoint\",\"urlTemplate\":\"https:\\\/\\\/www.paffoni.be\\\/fr\\\/?s={search_term_string}\"},\"query-input\":{\"@type\":\"PropertyValueSpecification\",\"valueRequired\":true,\"valueName\":\"search_term_string\"}}],\"inLanguage\":\"fr-FR\"}]}<\/script>\n<!-- \/ Yoast SEO plugin. -->","yoast_head_json":{"title":"Durabilit\u00e9 - Paffoni","robots":{"index":"index","follow":"follow","max-snippet":"max-snippet:-1","max-image-preview":"max-image-preview:large","max-video-preview":"max-video-preview:-1"},"canonical":"https:\/\/www.paffoni.be\/fr\/durabilite\/","og_locale":"fr_FR","og_type":"article","og_title":"Durabilit\u00e9 - Paffoni","og_url":"https:\/\/www.paffoni.be\/fr\/durabilite\/","og_site_name":"Paffoni","article_modified_time":"2024-05-06T08:45:54+00:00","og_image":[{"url":"https:\/\/paffoni.it\/wp-content\/uploads\/2024\/01\/logo1.png","type":"","width":"","height":""}],"twitter_card":"summary_large_image","twitter_misc":{"Dur\u00e9e de lecture estim\u00e9e":"5 minutes"},"schema":{"@context":"https:\/\/schema.org","@graph":[{"@type":"WebPage","@id":"https:\/\/www.paffoni.be\/fr\/durabilite\/","url":"https:\/\/www.paffoni.be\/fr\/durabilite\/","name":"Durabilit\u00e9 - Paffoni","isPartOf":{"@id":"https:\/\/www.paffoni.be\/fr\/#website"},"primaryImageOfPage":{"@id":"https:\/\/www.paffoni.be\/fr\/durabilite\/#primaryimage"},"image":{"@id":"https:\/\/www.paffoni.be\/fr\/durabilite\/#primaryimage"},"thumbnailUrl":"https:\/\/paffoni.it\/wp-content\/uploads\/2024\/01\/logo1.png","datePublished":"2024-04-22T12:50:48+00:00","dateModified":"2024-05-06T08:45:54+00:00","breadcrumb":{"@id":"https:\/\/www.paffoni.be\/fr\/durabilite\/#breadcrumb"},"inLanguage":"fr-FR","potentialAction":[{"@type":"ReadAction","target":["https:\/\/www.paffoni.be\/fr\/durabilite\/"]}]},{"@type":"ImageObject","inLanguage":"fr-FR","@id":"https:\/\/www.paffoni.be\/fr\/durabilite\/#primaryimage","url":"https:\/\/paffoni.it\/wp-content\/uploads\/2024\/01\/logo1.png","contentUrl":"https:\/\/paffoni.it\/wp-content\/uploads\/2024\/01\/logo1.png"},{"@type":"BreadcrumbList","@id":"https:\/\/www.paffoni.be\/fr\/durabilite\/#breadcrumb","itemListElement":[{"@type":"ListItem","position":1,"name":"Home","item":"https:\/\/www.paffoni.be\/fr\/"},{"@type":"ListItem","position":2,"name":"Durabilit\u00e9"}]},{"@type":"WebSite","@id":"https:\/\/www.paffoni.be\/fr\/#website","url":"https:\/\/www.paffoni.be\/fr\/","name":"Paffoni","description":"Residentieel sanitair kraanwerk","potentialAction":[{"@type":"SearchAction","target":{"@type":"EntryPoint","urlTemplate":"https:\/\/www.paffoni.be\/fr\/?s={search_term_string}"},"query-input":{"@type":"PropertyValueSpecification","valueRequired":true,"valueName":"search_term_string"}}],"inLanguage":"fr-FR"}]}},"_links":{"self":[{"href":"https:\/\/www.paffoni.be\/fr\/wp-json\/wp\/v2\/pages\/20635","targetHints":{"allow":["GET"]}}],"collection":[{"href":"https:\/\/www.paffoni.be\/fr\/wp-json\/wp\/v2\/pages"}],"about":[{"href":"https:\/\/www.paffoni.be\/fr\/wp-json\/wp\/v2\/types\/page"}],"author":[{"embeddable":true,"href":"https:\/\/www.paffoni.be\/fr\/wp-json\/wp\/v2\/users\/6"}],"replies":[{"embeddable":true,"href":"https:\/\/www.paffoni.be\/fr\/wp-json\/wp\/v2\/comments?post=20635"}],"version-history":[{"count":3,"href":"https:\/\/www.paffoni.be\/fr\/wp-json\/wp\/v2\/pages\/20635\/revisions"}],"predecessor-version":[{"id":20652,"href":"https:\/\/www.paffoni.be\/fr\/wp-json\/wp\/v2\/pages\/20635\/revisions\/20652"}],"wp:attachment":[{"href":"https:\/\/www.paffoni.be\/fr\/wp-json\/wp\/v2\/media?parent=20635"}],"curies":[{"name":"wp","href":"https:\/\/api.w.org\/{rel}","templated":true}]}}