{"id":11422,"date":"2019-01-22T15:13:43","date_gmt":"2019-01-22T15:13:43","guid":{"rendered":"http:\/\/www.paffoni.be\/geschiedenis\/"},"modified":"2020-11-06T09:51:49","modified_gmt":"2020-11-06T09:51:49","slug":"histoire","status":"publish","type":"page","link":"https:\/\/www.paffoni.be\/fr\/histoire\/","title":{"rendered":"Histoire"},"content":{"rendered":"<p><div class=\"fusion-fullwidth fullwidth-box fusion-builder-row-1 fusion-flex-container nonhundred-percent-fullwidth non-hundred-percent-height-scrolling\" style=\"--awb-border-radius-top-left:0px;--awb-border-radius-top-right:0px;--awb-border-radius-bottom-right:0px;--awb-border-radius-bottom-left:0px;--awb-margin-top:30px;--awb-margin-bottom:30px;--awb-flex-wrap:wrap;\" ><div class=\"fusion-builder-row fusion-row fusion-flex-align-items-flex-start fusion-flex-content-wrap\" style=\"max-width:1362.4px;margin-left: calc(-4% \/ 2 );margin-right: calc(-4% \/ 2 );\"><div class=\"fusion-layout-column fusion_builder_column fusion-builder-column-0 fusion_builder_column_3_4 3_4 fusion-flex-column\" style=\"--awb-bg-size:cover;--awb-width-large:75%;--awb-margin-top-large:0px;--awb-spacing-right-large:3.84%;--awb-margin-bottom-large:0px;--awb-spacing-left-large:2.56%;--awb-width-medium:75%;--awb-spacing-right-medium:3.84%;--awb-spacing-left-medium:2.56%;--awb-width-small:100%;--awb-spacing-right-small:1.92%;--awb-spacing-left-small:1.92%;\"><div class=\"fusion-column-wrapper fusion-flex-justify-content-flex-start fusion-content-layout-column\"><div class=\"fusion-title title fusion-title-1 fusion-sep-none fusion-title-text fusion-title-size-two\"><h2 class=\"fusion-title-heading title-heading-left fusion-responsive-typography-calculated\" style=\"--fontSize:25;line-height:1.4;\"><h2>Passion &amp; qualit\u00e9<\/h2><\/h2><\/div><div class=\"fusion-text fusion-text-1\"><p style=\"text-align: left;\">\u00ab Raconter l\u2019histoire du fabricant de robinetterie Paffoni, c\u2019est raconter l\u2019histoire de ma famille. Nous avons gard\u00e9 l\u2019esprit du management que mon p\u00e8re Roberto avait instaur\u00e9 en 1953. Ma famille et moi-m\u00eame travaillons toujours avec le m\u00eame engagement, la m\u00eame passion et le m\u00eame d\u00e9vouement. Malgr\u00e9 notre croissance, la qualit\u00e9 reste une valeur indispensable. Le c\u0153ur de notre soci\u00e9t\u00e9 : la qualit\u00e9 de notre production, de notre m\u00e9thode de travail, et des collaborateurs avec lesquels nous travaillons. \u00bb<\/p>\n<\/div><\/div><\/div><div class=\"fusion-layout-column fusion_builder_column fusion-builder-column-1 fusion_builder_column_1_4 1_4 fusion-flex-column\" style=\"--awb-bg-size:cover;--awb-width-large:25%;--awb-margin-top-large:0px;--awb-spacing-right-large:7.68%;--awb-margin-bottom-large:0px;--awb-spacing-left-large:3.84%;--awb-width-medium:25%;--awb-spacing-right-medium:7.68%;--awb-spacing-left-medium:3.84%;--awb-width-small:100%;--awb-spacing-right-small:1.92%;--awb-spacing-left-small:1.92%;\"><div class=\"fusion-column-wrapper fusion-flex-justify-content-flex-start fusion-content-layout-column\"><div class=\"fusion-image-element \" style=\"--awb-caption-title-font-family:var(--h2_typography-font-family);--awb-caption-title-font-weight:var(--h2_typography-font-weight);--awb-caption-title-font-style:var(--h2_typography-font-style);--awb-caption-title-size:var(--h2_typography-font-size);--awb-caption-title-transform:var(--h2_typography-text-transform);--awb-caption-title-line-height:var(--h2_typography-line-height);--awb-caption-title-letter-spacing:var(--h2_typography-letter-spacing);\"><span class=\" fusion-imageframe imageframe-none imageframe-1 hover-type-none\"><img decoding=\"async\" width=\"619\" height=\"567\" title=\"Paffoni Ugo_grigio\" src=\"https:\/\/www.paffoni.be\/wp-content\/uploads\/2019\/01\/Paffoni-Ugo_grigio.jpg\" alt class=\"img-responsive wp-image-11398\" srcset=\"https:\/\/www.paffoni.be\/wp-content\/uploads\/2019\/01\/Paffoni-Ugo_grigio-200x183.jpg 200w, https:\/\/www.paffoni.be\/wp-content\/uploads\/2019\/01\/Paffoni-Ugo_grigio-400x366.jpg 400w, https:\/\/www.paffoni.be\/wp-content\/uploads\/2019\/01\/Paffoni-Ugo_grigio-600x550.jpg 600w, https:\/\/www.paffoni.be\/wp-content\/uploads\/2019\/01\/Paffoni-Ugo_grigio.jpg 619w\" sizes=\"(max-width: 640px) 100vw, 400px\" \/><\/span><\/div><\/div><\/div><\/div><\/div><div class=\"fusion-fullwidth fullwidth-box fusion-builder-row-2 fusion-flex-container nonhundred-percent-fullwidth non-hundred-percent-height-scrolling\" style=\"--awb-border-radius-top-left:0px;--awb-border-radius-top-right:0px;--awb-border-radius-bottom-right:0px;--awb-border-radius-bottom-left:0px;--awb-margin-top:30px;--awb-margin-bottom:30px;--awb-flex-wrap:wrap;\" ><div class=\"fusion-builder-row fusion-row fusion-flex-align-items-flex-start fusion-flex-content-wrap\" style=\"max-width:1362.4px;margin-left: calc(-4% \/ 2 );margin-right: calc(-4% \/ 2 );\"><div class=\"fusion-layout-column fusion_builder_column fusion-builder-column-2 fusion_builder_column_1_4 1_4 fusion-flex-column\" style=\"--awb-bg-size:cover;--awb-width-large:25%;--awb-margin-top-large:0px;--awb-spacing-right-large:3.84%;--awb-margin-bottom-large:0px;--awb-spacing-left-large:7.68%;--awb-width-medium:25%;--awb-spacing-right-medium:3.84%;--awb-spacing-left-medium:7.68%;--awb-width-small:100%;--awb-spacing-right-small:1.92%;--awb-spacing-left-small:1.92%;\"><div class=\"fusion-column-wrapper fusion-flex-justify-content-flex-start fusion-content-layout-column\"><div class=\"fusion-image-element \" style=\"--awb-caption-title-font-family:var(--h2_typography-font-family);--awb-caption-title-font-weight:var(--h2_typography-font-weight);--awb-caption-title-font-style:var(--h2_typography-font-style);--awb-caption-title-size:var(--h2_typography-font-size);--awb-caption-title-transform:var(--h2_typography-text-transform);--awb-caption-title-line-height:var(--h2_typography-line-height);--awb-caption-title-letter-spacing:var(--h2_typography-letter-spacing);\"><span class=\" fusion-imageframe imageframe-none imageframe-2 hover-type-none\"><img decoding=\"async\" width=\"619\" height=\"567\" title=\"Logo Paffoni con sfondo_grigio\" src=\"https:\/\/www.paffoni.be\/wp-content\/uploads\/2019\/01\/Logo-Paffoni-con-sfondo_grigio.jpg\" alt class=\"img-responsive wp-image-11396\" srcset=\"https:\/\/www.paffoni.be\/wp-content\/uploads\/2019\/01\/Logo-Paffoni-con-sfondo_grigio-200x183.jpg 200w, https:\/\/www.paffoni.be\/wp-content\/uploads\/2019\/01\/Logo-Paffoni-con-sfondo_grigio-400x366.jpg 400w, https:\/\/www.paffoni.be\/wp-content\/uploads\/2019\/01\/Logo-Paffoni-con-sfondo_grigio-600x550.jpg 600w, https:\/\/www.paffoni.be\/wp-content\/uploads\/2019\/01\/Logo-Paffoni-con-sfondo_grigio.jpg 619w\" sizes=\"(max-width: 640px) 100vw, 400px\" \/><\/span><\/div><\/div><\/div><div class=\"fusion-layout-column fusion_builder_column fusion-builder-column-3 fusion_builder_column_3_4 3_4 fusion-flex-column\" style=\"--awb-bg-size:cover;--awb-width-large:75%;--awb-margin-top-large:0px;--awb-spacing-right-large:2.56%;--awb-margin-bottom-large:0px;--awb-spacing-left-large:3.84%;--awb-width-medium:75%;--awb-spacing-right-medium:2.56%;--awb-spacing-left-medium:3.84%;--awb-width-small:100%;--awb-spacing-right-small:1.92%;--awb-spacing-left-small:1.92%;\"><div class=\"fusion-column-wrapper fusion-flex-justify-content-flex-start fusion-content-layout-column\"><div class=\"fusion-title title fusion-title-2 fusion-sep-none fusion-title-text fusion-title-size-two\"><h2 class=\"fusion-title-heading title-heading-left fusion-responsive-typography-calculated\" style=\"--fontSize:25;line-height:1.4;\"><h2>Histoire de la marque<\/h2><\/h2><\/div><div class=\"fusion-text fusion-text-2\"><p>Notre histoire a commenc\u00e9 en 1953 \u00e0 Pogno, o\u00f9 se situent encore notre si\u00e8ge et plusieurs unit\u00e9s de production. C\u2019est une histoire qui se fonde sur du concret, ainsi que sur notre passion pour notre travail et notre territoire. Notre succ\u00e8s est 100 % italien. Nos robinets sont con\u00e7us et produits gr\u00e2ce \u00e0 la combinaison de notre cr\u00e9ativit\u00e9 et du travail artisanal caract\u00e9ristique du \u00ab Made in Italy \u00bb, avec le potentiel d\u2019un producteur industriel. Notre fil rouge est toujours le m\u00eame : fonctionnalit\u00e9 du produit, attention pour les formes simples et essentielles, utilisation de mati\u00e8res premi\u00e8res dans le respect des r\u00e8glements internationaux, application des meilleures techniques d\u2019innovation afin d\u2019obtenir un produit qui puisse acheminer son \u00e9l\u00e9ment essentiel : l\u2019eau.<\/p>\n<\/div><\/div><\/div><\/div><\/div><div class=\"fusion-fullwidth fullwidth-box fusion-builder-row-3 fusion-flex-container nonhundred-percent-fullwidth non-hundred-percent-height-scrolling\" style=\"--awb-border-radius-top-left:0px;--awb-border-radius-top-right:0px;--awb-border-radius-bottom-right:0px;--awb-border-radius-bottom-left:0px;--awb-padding-top:30px;--awb-padding-right:30px;--awb-padding-bottom:30px;--awb-padding-left:30px;--awb-margin-top:30px;--awb-margin-bottom:30px;--awb-background-color:#eeeeee;--awb-flex-wrap:wrap;\" ><div class=\"fusion-builder-row fusion-row fusion-flex-align-items-flex-start fusion-flex-content-wrap\" style=\"max-width:1362.4px;margin-left: calc(-4% \/ 2 );margin-right: calc(-4% \/ 2 );\"><div class=\"fusion-layout-column fusion_builder_column fusion-builder-column-4 fusion_builder_column_1_2 1_2 fusion-flex-column\" style=\"--awb-bg-size:cover;--awb-width-large:50%;--awb-margin-top-large:0px;--awb-spacing-right-large:3.84%;--awb-margin-bottom-large:0px;--awb-spacing-left-large:3.84%;--awb-width-medium:50%;--awb-spacing-right-medium:3.84%;--awb-spacing-left-medium:3.84%;--awb-width-small:100%;--awb-spacing-right-small:1.92%;--awb-spacing-left-small:1.92%;\"><div class=\"fusion-column-wrapper fusion-flex-justify-content-flex-start fusion-content-layout-column\"><div class=\"fusion-title title fusion-title-3 fusion-sep-none fusion-title-text fusion-title-size-two\"><h2 class=\"fusion-title-heading title-heading-left fusion-responsive-typography-calculated\" style=\"--fontSize:25;line-height:1.4;\"><h2>La society<\/h2><\/h2><\/div><div class=\"fusion-text fusion-text-3\"><p>La satisfaction de notre client\u00e8le ne d\u00e9pend pas seulement de nos produits mais aussi de notre service. L\u2019am\u00e9lioration des processus de production et l\u2019innovation de la technologie nous permettent de fabriquer un produit avec un excellent rapport qualit\u00e9\/prix. Notre recherche de qualit\u00e9 \u00e0 tous les niveaux est un objectif strat\u00e9gique. Pour atteindre cet objectif , nous avons fait des investissements importants durant plusieurs ann\u00e9es, afin d\u2019 optimaliser aussi bien le produit que le processus de production. Ceci se traduit dans notre certification UNI EN standard ISO 9001:2015.<\/p>\n<\/div><\/div><\/div><div class=\"fusion-layout-column fusion_builder_column fusion-builder-column-5 fusion_builder_column_1_2 1_2 fusion-flex-column\" style=\"--awb-bg-size:cover;--awb-width-large:50%;--awb-margin-top-large:0px;--awb-spacing-right-large:3.84%;--awb-margin-bottom-large:0px;--awb-spacing-left-large:3.84%;--awb-width-medium:50%;--awb-spacing-right-medium:3.84%;--awb-spacing-left-medium:3.84%;--awb-width-small:100%;--awb-spacing-right-small:1.92%;--awb-spacing-left-small:1.92%;\"><div class=\"fusion-column-wrapper fusion-flex-justify-content-flex-start fusion-content-layout-column\"><div class=\"fusion-separator fusion-full-width-sep\" style=\"align-self: center;margin-left: auto;margin-right: auto;margin-top:30px;margin-bottom:30px;width:100%;\"><\/div><div class=\"awb-gallery-wrapper awb-gallery-wrapper-1 button-span-no\"><div style=\"margin:-5px;--awb-bordersize:0px;\" class=\"fusion-gallery fusion-gallery-container fusion-grid-3 fusion-columns-total-3 fusion-gallery-layout-grid fusion-gallery-1\"><div style=\"padding:5px;\" class=\"fusion-grid-column fusion-gallery-column fusion-gallery-column-3 hover-type-none\"><div class=\"fusion-gallery-image\"><a href=\"https:\/\/www.paffoni.be\/wp-content\/uploads\/2019\/01\/DSC_0349.jpg\" rel=\"noreferrer\" data-rel=\"iLightbox[gallery_image_1]\" class=\"fusion-lightbox\" target=\"_self\"><img decoding=\"async\" src=\"https:\/\/www.paffoni.be\/wp-content\/uploads\/2019\/01\/DSC_0349.jpg\" width=\"2362\" height=\"1575\" alt=\"\" title=\"DSC_0349\" aria-label=\"DSC_0349\" class=\"img-responsive wp-image-11404\" srcset=\"https:\/\/www.paffoni.be\/wp-content\/uploads\/2019\/01\/DSC_0349-200x133.jpg 200w, https:\/\/www.paffoni.be\/wp-content\/uploads\/2019\/01\/DSC_0349-400x267.jpg 400w, https:\/\/www.paffoni.be\/wp-content\/uploads\/2019\/01\/DSC_0349-600x400.jpg 600w, https:\/\/www.paffoni.be\/wp-content\/uploads\/2019\/01\/DSC_0349-800x533.jpg 800w, https:\/\/www.paffoni.be\/wp-content\/uploads\/2019\/01\/DSC_0349-1200x800.jpg 1200w, https:\/\/www.paffoni.be\/wp-content\/uploads\/2019\/01\/DSC_0349.jpg 2362w\" sizes=\"(min-width: 2200px) 100vw, (min-width: 780px) 433px, (min-width: 710px) 650px, (min-width: 640px) 710px, \" \/><\/a><\/div><\/div><div style=\"padding:5px;\" class=\"fusion-grid-column fusion-gallery-column fusion-gallery-column-3 hover-type-none\"><div class=\"fusion-gallery-image\"><a href=\"https:\/\/www.paffoni.be\/wp-content\/uploads\/2019\/01\/DSC_0313.jpg\" rel=\"noreferrer\" data-rel=\"iLightbox[gallery_image_1]\" class=\"fusion-lightbox\" target=\"_self\"><img decoding=\"async\" src=\"https:\/\/www.paffoni.be\/wp-content\/uploads\/2019\/01\/DSC_0313.jpg\" width=\"2362\" height=\"1575\" alt=\"\" title=\"DSC_0313\" aria-label=\"DSC_0313\" class=\"img-responsive wp-image-11406\" srcset=\"https:\/\/www.paffoni.be\/wp-content\/uploads\/2019\/01\/DSC_0313-200x133.jpg 200w, https:\/\/www.paffoni.be\/wp-content\/uploads\/2019\/01\/DSC_0313-400x267.jpg 400w, https:\/\/www.paffoni.be\/wp-content\/uploads\/2019\/01\/DSC_0313-600x400.jpg 600w, https:\/\/www.paffoni.be\/wp-content\/uploads\/2019\/01\/DSC_0313-800x533.jpg 800w, https:\/\/www.paffoni.be\/wp-content\/uploads\/2019\/01\/DSC_0313-1200x800.jpg 1200w, https:\/\/www.paffoni.be\/wp-content\/uploads\/2019\/01\/DSC_0313.jpg 2362w\" sizes=\"(min-width: 2200px) 100vw, (min-width: 780px) 433px, (min-width: 710px) 650px, (min-width: 640px) 710px, \" \/><\/a><\/div><\/div><div style=\"padding:5px;\" class=\"fusion-grid-column fusion-gallery-column fusion-gallery-column-3 hover-type-none\"><div class=\"fusion-gallery-image\"><a href=\"https:\/\/www.paffoni.be\/wp-content\/uploads\/2019\/01\/BV_certification_9001_tracciati-01.png\" rel=\"noreferrer\" data-rel=\"iLightbox[gallery_image_1]\" class=\"fusion-lightbox\" target=\"_self\"><img decoding=\"async\" src=\"https:\/\/www.paffoni.be\/wp-content\/uploads\/2019\/01\/BV_certification_9001_tracciati-01.png\" width=\"1855\" height=\"987\" alt=\"\" title=\"BV_certification_9001_tracciati-01\" aria-label=\"BV_certification_9001_tracciati-01\" class=\"img-responsive wp-image-11409\" srcset=\"https:\/\/www.paffoni.be\/wp-content\/uploads\/2019\/01\/BV_certification_9001_tracciati-01-200x106.png 200w, https:\/\/www.paffoni.be\/wp-content\/uploads\/2019\/01\/BV_certification_9001_tracciati-01-400x213.png 400w, https:\/\/www.paffoni.be\/wp-content\/uploads\/2019\/01\/BV_certification_9001_tracciati-01-600x319.png 600w, https:\/\/www.paffoni.be\/wp-content\/uploads\/2019\/01\/BV_certification_9001_tracciati-01-800x426.png 800w, https:\/\/www.paffoni.be\/wp-content\/uploads\/2019\/01\/BV_certification_9001_tracciati-01-1200x638.png 1200w, https:\/\/www.paffoni.be\/wp-content\/uploads\/2019\/01\/BV_certification_9001_tracciati-01.png 1855w\" sizes=\"(min-width: 2200px) 100vw, (min-width: 780px) 433px, (min-width: 710px) 650px, (min-width: 640px) 710px, \" \/><\/a><\/div><\/div><div class=\"clearfix\"><\/div><\/div><\/div><\/div><\/div><\/div><\/div><\/p>\n","protected":false},"excerpt":{"rendered":"","protected":false},"author":6,"featured_media":0,"parent":0,"menu_order":0,"comment_status":"closed","ping_status":"closed","template":"","meta":{"_acf_changed":false,"footnotes":""},"class_list":["post-11422","page","type-page","status-publish","hentry"],"acf":[],"yoast_head":"<!-- This site is optimized with the Yoast SEO plugin v27.6 - https:\/\/yoast.com\/product\/yoast-seo-wordpress\/ -->\n<title>Geschiedenis van het merk | Het bedrijf | Paffoni<\/title>\n<meta name=\"description\" content=\"Onze geschiedenis start in 1953 in Pogno. Daar zijn ons hoofdkantoor en productie-eenheden nog steeds gevestigd. Het is een geschiedenis gebaseerd op concreetheid, passie voor ons werk en voor de aarde. Ons succes is volledig Italiaans.\" \/>\n<meta name=\"robots\" content=\"index, follow, max-snippet:-1, max-image-preview:large, max-video-preview:-1\" \/>\n<link rel=\"canonical\" href=\"https:\/\/www.paffoni.be\/fr\/histoire\/\" \/>\n<meta property=\"og:locale\" content=\"fr_FR\" \/>\n<meta property=\"og:type\" content=\"article\" \/>\n<meta property=\"og:title\" content=\"Geschiedenis van het merk | Het bedrijf | Paffoni\" \/>\n<meta property=\"og:description\" content=\"Onze geschiedenis start in 1953 in Pogno. Daar zijn ons hoofdkantoor en productie-eenheden nog steeds gevestigd. Het is een geschiedenis gebaseerd op concreetheid, passie voor ons werk en voor de aarde. Ons succes is volledig Italiaans.\" \/>\n<meta property=\"og:url\" content=\"https:\/\/www.paffoni.be\/fr\/histoire\/\" \/>\n<meta property=\"og:site_name\" content=\"Paffoni\" \/>\n<meta property=\"article:modified_time\" content=\"2020-11-06T09:51:49+00:00\" \/>\n<meta name=\"twitter:card\" content=\"summary_large_image\" \/>\n<meta name=\"twitter:label1\" content=\"Dur\u00e9e de lecture estim\u00e9e\" \/>\n\t<meta name=\"twitter:data1\" content=\"7 minutes\" \/>\n<script type=\"application\/ld+json\" class=\"yoast-schema-graph\">{\"@context\":\"https:\\\/\\\/schema.org\",\"@graph\":[{\"@type\":\"WebPage\",\"@id\":\"https:\\\/\\\/www.paffoni.be\\\/fr\\\/histoire\\\/\",\"url\":\"https:\\\/\\\/www.paffoni.be\\\/fr\\\/histoire\\\/\",\"name\":\"Geschiedenis van het merk | Het bedrijf | Paffoni\",\"isPartOf\":{\"@id\":\"https:\\\/\\\/www.paffoni.be\\\/fr\\\/#website\"},\"datePublished\":\"2019-01-22T15:13:43+00:00\",\"dateModified\":\"2020-11-06T09:51:49+00:00\",\"description\":\"Onze geschiedenis start in 1953 in Pogno. Daar zijn ons hoofdkantoor en productie-eenheden nog steeds gevestigd. Het is een geschiedenis gebaseerd op concreetheid, passie voor ons werk en voor de aarde. Ons succes is volledig Italiaans.\",\"breadcrumb\":{\"@id\":\"https:\\\/\\\/www.paffoni.be\\\/fr\\\/histoire\\\/#breadcrumb\"},\"inLanguage\":\"fr-FR\",\"potentialAction\":[{\"@type\":\"ReadAction\",\"target\":[\"https:\\\/\\\/www.paffoni.be\\\/fr\\\/histoire\\\/\"]}]},{\"@type\":\"BreadcrumbList\",\"@id\":\"https:\\\/\\\/www.paffoni.be\\\/fr\\\/histoire\\\/#breadcrumb\",\"itemListElement\":[{\"@type\":\"ListItem\",\"position\":1,\"name\":\"Home\",\"item\":\"https:\\\/\\\/www.paffoni.be\\\/fr\\\/\"},{\"@type\":\"ListItem\",\"position\":2,\"name\":\"Histoire\"}]},{\"@type\":\"WebSite\",\"@id\":\"https:\\\/\\\/www.paffoni.be\\\/fr\\\/#website\",\"url\":\"https:\\\/\\\/www.paffoni.be\\\/fr\\\/\",\"name\":\"Paffoni\",\"description\":\"Residentieel sanitair kraanwerk\",\"potentialAction\":[{\"@type\":\"SearchAction\",\"target\":{\"@type\":\"EntryPoint\",\"urlTemplate\":\"https:\\\/\\\/www.paffoni.be\\\/fr\\\/?s={search_term_string}\"},\"query-input\":{\"@type\":\"PropertyValueSpecification\",\"valueRequired\":true,\"valueName\":\"search_term_string\"}}],\"inLanguage\":\"fr-FR\"}]}<\/script>\n<!-- \/ Yoast SEO plugin. -->","yoast_head_json":{"title":"Geschiedenis van het merk | Het bedrijf | Paffoni","description":"Onze geschiedenis start in 1953 in Pogno. Daar zijn ons hoofdkantoor en productie-eenheden nog steeds gevestigd. Het is een geschiedenis gebaseerd op concreetheid, passie voor ons werk en voor de aarde. Ons succes is volledig Italiaans.","robots":{"index":"index","follow":"follow","max-snippet":"max-snippet:-1","max-image-preview":"max-image-preview:large","max-video-preview":"max-video-preview:-1"},"canonical":"https:\/\/www.paffoni.be\/fr\/histoire\/","og_locale":"fr_FR","og_type":"article","og_title":"Geschiedenis van het merk | Het bedrijf | Paffoni","og_description":"Onze geschiedenis start in 1953 in Pogno. Daar zijn ons hoofdkantoor en productie-eenheden nog steeds gevestigd. Het is een geschiedenis gebaseerd op concreetheid, passie voor ons werk en voor de aarde. Ons succes is volledig Italiaans.","og_url":"https:\/\/www.paffoni.be\/fr\/histoire\/","og_site_name":"Paffoni","article_modified_time":"2020-11-06T09:51:49+00:00","twitter_card":"summary_large_image","twitter_misc":{"Dur\u00e9e de lecture estim\u00e9e":"7 minutes"},"schema":{"@context":"https:\/\/schema.org","@graph":[{"@type":"WebPage","@id":"https:\/\/www.paffoni.be\/fr\/histoire\/","url":"https:\/\/www.paffoni.be\/fr\/histoire\/","name":"Geschiedenis van het merk | Het bedrijf | Paffoni","isPartOf":{"@id":"https:\/\/www.paffoni.be\/fr\/#website"},"datePublished":"2019-01-22T15:13:43+00:00","dateModified":"2020-11-06T09:51:49+00:00","description":"Onze geschiedenis start in 1953 in Pogno. Daar zijn ons hoofdkantoor en productie-eenheden nog steeds gevestigd. Het is een geschiedenis gebaseerd op concreetheid, passie voor ons werk en voor de aarde. Ons succes is volledig Italiaans.","breadcrumb":{"@id":"https:\/\/www.paffoni.be\/fr\/histoire\/#breadcrumb"},"inLanguage":"fr-FR","potentialAction":[{"@type":"ReadAction","target":["https:\/\/www.paffoni.be\/fr\/histoire\/"]}]},{"@type":"BreadcrumbList","@id":"https:\/\/www.paffoni.be\/fr\/histoire\/#breadcrumb","itemListElement":[{"@type":"ListItem","position":1,"name":"Home","item":"https:\/\/www.paffoni.be\/fr\/"},{"@type":"ListItem","position":2,"name":"Histoire"}]},{"@type":"WebSite","@id":"https:\/\/www.paffoni.be\/fr\/#website","url":"https:\/\/www.paffoni.be\/fr\/","name":"Paffoni","description":"Residentieel sanitair kraanwerk","potentialAction":[{"@type":"SearchAction","target":{"@type":"EntryPoint","urlTemplate":"https:\/\/www.paffoni.be\/fr\/?s={search_term_string}"},"query-input":{"@type":"PropertyValueSpecification","valueRequired":true,"valueName":"search_term_string"}}],"inLanguage":"fr-FR"}]}},"_links":{"self":[{"href":"https:\/\/www.paffoni.be\/fr\/wp-json\/wp\/v2\/pages\/11422","targetHints":{"allow":["GET"]}}],"collection":[{"href":"https:\/\/www.paffoni.be\/fr\/wp-json\/wp\/v2\/pages"}],"about":[{"href":"https:\/\/www.paffoni.be\/fr\/wp-json\/wp\/v2\/types\/page"}],"author":[{"embeddable":true,"href":"https:\/\/www.paffoni.be\/fr\/wp-json\/wp\/v2\/users\/6"}],"replies":[{"embeddable":true,"href":"https:\/\/www.paffoni.be\/fr\/wp-json\/wp\/v2\/comments?post=11422"}],"version-history":[{"count":5,"href":"https:\/\/www.paffoni.be\/fr\/wp-json\/wp\/v2\/pages\/11422\/revisions"}],"predecessor-version":[{"id":13117,"href":"https:\/\/www.paffoni.be\/fr\/wp-json\/wp\/v2\/pages\/11422\/revisions\/13117"}],"wp:attachment":[{"href":"https:\/\/www.paffoni.be\/fr\/wp-json\/wp\/v2\/media?parent=11422"}],"curies":[{"name":"wp","href":"https:\/\/api.w.org\/{rel}","templated":true}]}}